{"id":728,"date":"2025-05-11T10:40:55","date_gmt":"2025-05-11T08:40:55","guid":{"rendered":"https:\/\/chefsaayaan.com\/?page_id=728"},"modified":"2025-09-29T18:31:34","modified_gmt":"2025-09-29T16:31:34","slug":"univers","status":"publish","type":"page","link":"https:\/\/chefsaayaan.com\/index.php\/univers\/","title":{"rendered":"Univers"},"content":{"rendered":"\t\t<div data-elementor-type=\"wp-page\" data-elementor-id=\"728\" class=\"elementor elementor-728\">\n\t\t\t\t<div class=\"elementor-element elementor-element-628a2115 e-flex e-con-boxed e-con e-parent\" data-id=\"628a2115\" data-element_type=\"container\">\n\t\t\t\t\t<div class=\"e-con-inner\">\n\t\t\t\t<div class=\"elementor-element elementor-element-5f0937f5 elementor-widget elementor-widget-video\" data-id=\"5f0937f5\" data-element_type=\"widget\" data-settings=\"{&quot;video_type&quot;:&quot;hosted&quot;,&quot;autoplay&quot;:&quot;yes&quot;,&quot;play_on_mobile&quot;:&quot;yes&quot;,&quot;mute&quot;:&quot;yes&quot;,&quot;loop&quot;:&quot;yes&quot;}\" data-widget_type=\"video.default\">\n\t\t\t\t<div class=\"elementor-widget-container\">\n\t\t\t\t\t\t\t<div class=\"e-hosted-video elementor-wrapper elementor-open-inline\">\n\t\t\t\t\t<video class=\"elementor-video\" src=\"https:\/\/chefsaayaan.com\/wp-content\/uploads\/2025\/07\/IMG_2303-4.mov\" autoplay=\"\" loop=\"\" muted=\"muted\" playsinline=\"\" controlsList=\"nodownload\"><\/video>\n\t\t\t\t<\/div>\n\t\t\t\t\t\t<\/div>\n\t\t\t\t<\/div>\n\t\t\t\t\t<\/div>\n\t\t\t\t<\/div>\n\t\t<div class=\"elementor-element elementor-element-531ad432 e-flex e-con-boxed e-con e-parent\" data-id=\"531ad432\" data-element_type=\"container\">\n\t\t\t\t\t<div class=\"e-con-inner\">\n\t\t<div class=\"elementor-element elementor-element-1d0c9762 e-con-full e-flex e-con e-child\" data-id=\"1d0c9762\" data-element_type=\"container\">\n\t\t\t\t<div class=\"elementor-element elementor-element-4acac256 elementor-widget elementor-widget-heading\" data-id=\"4acac256\" data-element_type=\"widget\" data-widget_type=\"heading.default\">\n\t\t\t\t<div class=\"elementor-widget-container\">\n\t\t\t\t\t<h1 class=\"elementor-heading-title elementor-size-default\">COURCHEVEL & SUD DE LA FRANCE<\/h1>\t\t\t\t<\/div>\n\t\t\t\t<\/div>\n\t\t\t\t<div class=\"elementor-element elementor-element-6013b75d elementor-widget elementor-widget-text-editor\" data-id=\"6013b75d\" data-element_type=\"widget\" data-widget_type=\"text-editor.default\">\n\t\t\t\t<div class=\"elementor-widget-container\">\n\t\t\t\t\t\t\t\t\t<p>N\u00e9 entre les cimes de Courchevel et les rivages ensoleill\u00e9s du Sud de la France, le parcours du Chef Saayaan est profond\u00e9ment enracin\u00e9 dans deux univers contrast\u00e9s mais compl\u00e9mentaires.<\/p><p>Entre les saisons en montagne et les \u00e9t\u00e9s m\u00e9diterran\u00e9ens, il a grandi au rythme des march\u00e9s locaux, des produits bruts et des repas de partage.\u00a0<\/p><p>Cette double appartenance nourrit aujourd&rsquo;hui sa cuisine, sinc\u00e8re, instinctive et ancr\u00e9e dans les terroirs.<\/p>\t\t\t\t\t\t\t\t<\/div>\n\t\t\t\t<\/div>\n\t\t\t\t<\/div>\n\t\t<div class=\"elementor-element elementor-element-608a62fd e-con-full e-flex e-con e-child\" data-id=\"608a62fd\" data-element_type=\"container\" data-settings=\"{&quot;background_background&quot;:&quot;classic&quot;}\">\n\t\t\t\t<\/div>\n\t\t\t\t\t<\/div>\n\t\t\t\t<\/div>\n\t\t<div class=\"elementor-element elementor-element-6128da97 e-flex e-con-boxed e-con e-parent\" data-id=\"6128da97\" data-element_type=\"container\">\n\t\t\t\t\t<div class=\"e-con-inner\">\n\t\t<div class=\"elementor-element elementor-element-62c0f9da e-con-full e-flex e-con e-child\" data-id=\"62c0f9da\" data-element_type=\"container\">\n\t\t\t\t<div class=\"elementor-element elementor-element-68d1a41b elementor-widget elementor-widget-heading\" data-id=\"68d1a41b\" data-element_type=\"widget\" data-widget_type=\"heading.default\">\n\t\t\t\t<div class=\"elementor-widget-container\">\n\t\t\t\t\t<h1 class=\"elementor-heading-title elementor-size-default\">INSPIRATIONS JAPONAISES & LEVANTINES<\/h1>\t\t\t\t<\/div>\n\t\t\t\t<\/div>\n\t\t\t\t<div class=\"elementor-element elementor-element-2e9c95ed elementor-widget elementor-widget-text-editor\" data-id=\"2e9c95ed\" data-element_type=\"widget\" data-widget_type=\"text-editor.default\">\n\t\t\t\t<div class=\"elementor-widget-container\">\n\t\t\t\t\t\t\t\t\t<p>La cuisine du Chef Saayaan est une histoire d&rsquo;amour et de voyages.<\/p><p>Influenc\u00e9 au quotidien par sa compagne japonaise, il int\u00e8gre \u00e0 ses cr\u00e9ations la finesse des dashi, la d\u00e9licatesse des marinades et le respect des saisons. Lors de ses fr\u00e9quentes escapades nippones, il part \u00e0 la d\u00e9couverte du savoir-faire culinaire et de l&rsquo;artisanat ancestral du Japon rural.<\/p><p>Ses voyages du c\u00f4t\u00e9 du Levant ont eux enrichi son univers d&rsquo;\u00e9pices chaudes, de textures v\u00e9g\u00e9tales et de cuisson au feu.\u00a0<\/p>\t\t\t\t\t\t\t\t<\/div>\n\t\t\t\t<\/div>\n\t\t\t\t<div class=\"elementor-element elementor-element-f3243cf elementor-align-center elementor-widget elementor-widget-button\" data-id=\"f3243cf\" data-element_type=\"widget\" data-widget_type=\"button.default\">\n\t\t\t\t<div class=\"elementor-widget-container\">\n\t\t\t\t\t\t\t\t\t<div class=\"elementor-button-wrapper\">\n\t\t\t\t\t<a class=\"elementor-button elementor-button-link elementor-size-sm\" href=\"https:\/\/www.instagram.com\/yannchan_sayochan\/\">\n\t\t\t\t\t\t<span class=\"elementor-button-content-wrapper\">\n\t\t\t\t\t\t\t\t\t<span class=\"elementor-button-text\">Suivre le Chef Saayaan dans le Japon rural<\/span>\n\t\t\t\t\t<\/span>\n\t\t\t\t\t<\/a>\n\t\t\t\t<\/div>\n\t\t\t\t\t\t\t\t<\/div>\n\t\t\t\t<\/div>\n\t\t\t\t<\/div>\n\t\t<div class=\"elementor-element elementor-element-10b0da03 e-con-full e-flex e-con e-child\" data-id=\"10b0da03\" data-element_type=\"container\" data-settings=\"{&quot;background_background&quot;:&quot;classic&quot;}\">\n\t\t\t\t<\/div>\n\t\t\t\t\t<\/div>\n\t\t\t\t<\/div>\n\t\t<div class=\"elementor-element elementor-element-289d82e8 e-flex e-con-boxed e-con e-parent\" data-id=\"289d82e8\" data-element_type=\"container\">\n\t\t\t\t\t<div class=\"e-con-inner\">\n\t\t<div class=\"elementor-element elementor-element-30fb0904 e-con-full e-flex e-con e-child\" data-id=\"30fb0904\" data-element_type=\"container\">\n\t\t\t\t<div class=\"elementor-element elementor-element-74bfd597 elementor-widget elementor-widget-heading\" data-id=\"74bfd597\" data-element_type=\"widget\" data-widget_type=\"heading.default\">\n\t\t\t\t<div class=\"elementor-widget-container\">\n\t\t\t\t\t<h1 class=\"elementor-heading-title elementor-size-default\">UN CHEF AUTODIDACTE<\/h1>\t\t\t\t<\/div>\n\t\t\t\t<\/div>\n\t\t\t\t<div class=\"elementor-element elementor-element-4406605 elementor-widget elementor-widget-text-editor\" data-id=\"4406605\" data-element_type=\"widget\" data-widget_type=\"text-editor.default\">\n\t\t\t\t<div class=\"elementor-widget-container\">\n\t\t\t\t\t\t\t\t\t<p>C&rsquo;est au Jardin du Mas, \u00e0 Biot, que Saayaan s&rsquo;est form\u00e9 hors des sentiers battus. Autodidacte, il a appris en cultivant, en exp\u00e9rimentant, en go\u00fbtant.\u00a0<\/p><p>Ce laboratoire \u00e0 ciel ouvert, nourri par les cycles de la nature, l&rsquo;a initi\u00e9 \u00e0 une cuisine vivante, locale et de saison, o\u00f9 le produit est roi et le geste juste.<\/p><p>A Biot, il a \u00e9galement rencontr\u00e9 son mentor, le c\u00e9l\u00e8bre chef \u00e9toil\u00e9 Serge Philippin, une personnalit\u00e9 inspirante qui l&rsquo;a profond\u00e9ment influenc\u00e9.<\/p>\t\t\t\t\t\t\t\t<\/div>\n\t\t\t\t<\/div>\n\t\t\t\t<\/div>\n\t\t<div class=\"elementor-element elementor-element-75475bc5 e-con-full e-flex e-con e-child\" data-id=\"75475bc5\" data-element_type=\"container\" data-settings=\"{&quot;background_background&quot;:&quot;classic&quot;}\">\n\t\t\t\t<\/div>\n\t\t\t\t\t<\/div>\n\t\t\t\t<\/div>\n\t\t<div class=\"elementor-element elementor-element-178ccca6 e-flex e-con-boxed e-con e-parent\" data-id=\"178ccca6\" data-element_type=\"container\">\n\t\t\t\t\t<div class=\"e-con-inner\">\n\t\t<div class=\"elementor-element elementor-element-786042b6 e-con-full e-flex e-con e-child\" data-id=\"786042b6\" data-element_type=\"container\">\n\t\t\t\t<div class=\"elementor-element elementor-element-4f7010b8 elementor-widget elementor-widget-heading\" data-id=\"4f7010b8\" data-element_type=\"widget\" data-widget_type=\"heading.default\">\n\t\t\t\t<div class=\"elementor-widget-container\">\n\t\t\t\t\t<h1 class=\"elementor-heading-title elementor-size-default\">\"LIVE COOKING\"<\/h1>\t\t\t\t<\/div>\n\t\t\t\t<\/div>\n\t\t\t\t<div class=\"elementor-element elementor-element-3c7b99ec elementor-widget elementor-widget-text-editor\" data-id=\"3c7b99ec\" data-element_type=\"widget\" data-widget_type=\"text-editor.default\">\n\t\t\t\t<div class=\"elementor-widget-container\">\n\t\t\t\t\t\t\t\t\t<p>Le Chef Saayaan cuisine \u00e0 la vue, \u00e0 vif, \u00e0 feu ouvert. Son terrain de jeu : le \u00ab\u00a0live cooking\u00a0\u00bb qu&rsquo;il a \u00e9rig\u00e9 en v\u00e9ritable performance.\u00a0<\/p><p>Devant les convives, il pr\u00e9pare, assaisonne, flambe et dresse en temps r\u00e9el. Une exp\u00e9rience immersive, sensorielle et chaleureuse, o\u00f9 le partage et la surprise sont au coeur de l&rsquo;assiette.<\/p>\t\t\t\t\t\t\t\t<\/div>\n\t\t\t\t<\/div>\n\t\t\t\t<div class=\"elementor-element elementor-element-5f28d8ee elementor-align-center elementor-widget elementor-widget-button\" data-id=\"5f28d8ee\" data-element_type=\"widget\" data-widget_type=\"button.default\">\n\t\t\t\t<div class=\"elementor-widget-container\">\n\t\t\t\t\t\t\t\t\t<div class=\"elementor-button-wrapper\">\n\t\t\t\t\t<a class=\"elementor-button elementor-button-link elementor-size-sm\" href=\"https:\/\/chefsaayaan.com\/index.php\/mas-des-orangers\/\">\n\t\t\t\t\t\t<span class=\"elementor-button-content-wrapper\">\n\t\t\t\t\t\t\t\t\t<span class=\"elementor-button-text\">D\u00e9couvrir le \"live cooking\" au Mas des Orangers<\/span>\n\t\t\t\t\t<\/span>\n\t\t\t\t\t<\/a>\n\t\t\t\t<\/div>\n\t\t\t\t\t\t\t\t<\/div>\n\t\t\t\t<\/div>\n\t\t\t\t<\/div>\n\t\t<div class=\"elementor-element elementor-element-4b1e344e e-con-full e-flex e-con e-child\" data-id=\"4b1e344e\" data-element_type=\"container\" data-settings=\"{&quot;background_background&quot;:&quot;classic&quot;}\">\n\t\t\t\t<\/div>\n\t\t\t\t\t<\/div>\n\t\t\t\t<\/div>\n\t\t<div class=\"elementor-element elementor-element-46dbd3f0 e-flex e-con-boxed e-con e-parent\" data-id=\"46dbd3f0\" data-element_type=\"container\">\n\t\t\t\t\t<div class=\"e-con-inner\">\n\t\t<div class=\"elementor-element elementor-element-3d0803c1 e-con-full e-flex e-con e-child\" data-id=\"3d0803c1\" data-element_type=\"container\">\n\t\t\t\t<div class=\"elementor-element elementor-element-6177d39d elementor-widget elementor-widget-heading\" data-id=\"6177d39d\" data-element_type=\"widget\" data-widget_type=\"heading.default\">\n\t\t\t\t<div class=\"elementor-widget-container\">\n\t\t\t\t\t<h1 class=\"elementor-heading-title elementor-size-default\">COLLABORATIONS ARTISTIQUES<\/h1>\t\t\t\t<\/div>\n\t\t\t\t<\/div>\n\t\t\t\t<div class=\"elementor-element elementor-element-7e481666 elementor-widget elementor-widget-text-editor\" data-id=\"7e481666\" data-element_type=\"widget\" data-widget_type=\"text-editor.default\">\n\t\t\t\t<div class=\"elementor-widget-container\">\n\t\t\t\t\t\t\t\t\t<p>Artiste dans l&rsquo;\u00e2me, le Chef Saayaan aime faire dialoguer les disciplines. Il a sign\u00e9 plusieurs performances culinaires lors d&rsquo;\u00e9v\u00e9nements artistiques majeurs, notamment \u00e0 Art Basel. En collaborant avec des galeristes ou des musiciens, il con\u00e7oit des exp\u00e9riences gastronomiques hybrides, o\u00f9 la cuisine devient un langage, un geste d&rsquo;art vivant.<\/p>\t\t\t\t\t\t\t\t<\/div>\n\t\t\t\t<\/div>\n\t\t\t\t<div class=\"elementor-element elementor-element-736d09e8 elementor-align-center elementor-widget elementor-widget-button\" data-id=\"736d09e8\" data-element_type=\"widget\" data-widget_type=\"button.default\">\n\t\t\t\t<div class=\"elementor-widget-container\">\n\t\t\t\t\t\t\t\t\t<div class=\"elementor-button-wrapper\">\n\t\t\t\t\t<a class=\"elementor-button elementor-button-link elementor-size-sm\" href=\"https:\/\/chefsaayaan.com\/index.php\/galerie\/\">\n\t\t\t\t\t\t<span class=\"elementor-button-content-wrapper\">\n\t\t\t\t\t\t\t\t\t<span class=\"elementor-button-text\">D\u00e9couvrir la galerie photos<\/span>\n\t\t\t\t\t<\/span>\n\t\t\t\t\t<\/a>\n\t\t\t\t<\/div>\n\t\t\t\t\t\t\t\t<\/div>\n\t\t\t\t<\/div>\n\t\t\t\t<\/div>\n\t\t<div class=\"elementor-element elementor-element-7680e7e4 e-con-full e-flex e-con e-child\" data-id=\"7680e7e4\" data-element_type=\"container\" data-settings=\"{&quot;background_background&quot;:&quot;classic&quot;}\">\n\t\t\t\t<\/div>\n\t\t\t\t\t<\/div>\n\t\t\t\t<\/div>\n\t\t\t\t<\/div>\n\t\t","protected":false},"excerpt":{"rendered":"<p>https:\/\/chefsaayaan.com\/wp-content\/uploads\/2025\/07\/IMG_2303-4.mov COURCHEVEL &#038; SUD DE LA FRANCE N\u00e9 entre les cimes de Courchevel et les rivages ensoleill\u00e9s du Sud de [&hellip;]<\/p>\n","protected":false},"author":2,"featured_media":0,"parent":0,"menu_order":0,"comment_status":"closed","ping_status":"closed","template":"","meta":{"site-sidebar-layout":"no-sidebar","site-content-layout":"","ast-site-content-layout":"full-width-container","site-content-style":"default","site-sidebar-style":"default","ast-global-header-display":"","ast-banner-title-visibility":"","ast-main-header-display":"","ast-hfb-above-header-display":"","ast-hfb-below-header-display":"","ast-hfb-mobile-header-display":"","site-post-title":"disabled","ast-breadcrumbs-content":"","ast-featured-img":"disabled","footer-sml-layout":"","theme-transparent-header-meta":"","adv-header-id-meta":"","stick-header-meta":"","header-above-stick-meta":"","header-main-stick-meta":"","header-below-stick-meta":"","astra-migrate-meta-layouts":"default","ast-page-background-enabled":"default","ast-page-background-meta":{"desktop":{"background-color":"var(--ast-global-color-5)","background-image":"","background-repeat":"repeat","background-position":"center center","background-size":"auto","background-attachment":"scroll","background-type":"","background-media":"","overlay-type":"","overlay-color":"","overlay-opacity":"","overlay-gradient":""},"tablet":{"background-color":"","background-image":"","background-repeat":"repeat","background-position":"center center","background-size":"auto","background-attachment":"scroll","background-type":"","background-media":"","overlay-type":"","overlay-color":"","overlay-opacity":"","overlay-gradient":""},"mobile":{"background-color":"","background-image":"","background-repeat":"repeat","background-position":"center center","background-size":"auto","background-attachment":"scroll","background-type":"","background-media":"","overlay-type":"","overlay-color":"","overlay-opacity":"","overlay-gradient":""}},"ast-content-background-meta":{"desktop":{"background-color":"var(--ast-global-color-4)","background-image":"","background-repeat":"repeat","background-position":"center center","background-size":"auto","background-attachment":"scroll","background-type":"","background-media":"","overlay-type":"","overlay-color":"","overlay-opacity":"","overlay-gradient":""},"tablet":{"background-color":"var(--ast-global-color-4)","background-image":"","background-repeat":"repeat","background-position":"center center","background-size":"auto","background-attachment":"scroll","background-type":"","background-media":"","overlay-type":"","overlay-color":"","overlay-opacity":"","overlay-gradient":""},"mobile":{"background-color":"var(--ast-global-color-4)","background-image":"","background-repeat":"repeat","background-position":"center center","background-size":"auto","background-attachment":"scroll","background-type":"","background-media":"","overlay-type":"","overlay-color":"","overlay-opacity":"","overlay-gradient":""}},"footnotes":""},"class_list":["post-728","page","type-page","status-publish","hentry"],"_links":{"self":[{"href":"https:\/\/chefsaayaan.com\/index.php\/wp-json\/wp\/v2\/pages\/728","targetHints":{"allow":["GET"]}}],"collection":[{"href":"https:\/\/chefsaayaan.com\/index.php\/wp-json\/wp\/v2\/pages"}],"about":[{"href":"https:\/\/chefsaayaan.com\/index.php\/wp-json\/wp\/v2\/types\/page"}],"author":[{"embeddable":true,"href":"https:\/\/chefsaayaan.com\/index.php\/wp-json\/wp\/v2\/users\/2"}],"replies":[{"embeddable":true,"href":"https:\/\/chefsaayaan.com\/index.php\/wp-json\/wp\/v2\/comments?post=728"}],"version-history":[{"count":65,"href":"https:\/\/chefsaayaan.com\/index.php\/wp-json\/wp\/v2\/pages\/728\/revisions"}],"predecessor-version":[{"id":1017,"href":"https:\/\/chefsaayaan.com\/index.php\/wp-json\/wp\/v2\/pages\/728\/revisions\/1017"}],"wp:attachment":[{"href":"https:\/\/chefsaayaan.com\/index.php\/wp-json\/wp\/v2\/media?parent=728"}],"curies":[{"name":"wp","href":"https:\/\/api.w.org\/{rel}","templated":true}]}}