{"id":825,"date":"2025-05-11T13:04:51","date_gmt":"2025-05-11T11:04:51","guid":{"rendered":"https:\/\/chefsaayaan.com\/?page_id=825"},"modified":"2025-09-29T18:34:34","modified_gmt":"2025-09-29T16:34:34","slug":"chef-prive","status":"publish","type":"page","link":"https:\/\/chefsaayaan.com\/index.php\/chef-prive\/","title":{"rendered":"Chef Priv\u00e9"},"content":{"rendered":"\t\t<div data-elementor-type=\"wp-page\" data-elementor-id=\"825\" class=\"elementor elementor-825\">\n\t\t\t\t<div class=\"elementor-element elementor-element-628a2115 e-flex e-con-boxed e-con e-parent\" data-id=\"628a2115\" data-element_type=\"container\">\n\t\t\t\t\t<div class=\"e-con-inner\">\n\t\t\t\t<div class=\"elementor-element elementor-element-5f0937f5 elementor-widget elementor-widget-video\" data-id=\"5f0937f5\" data-element_type=\"widget\" data-settings=\"{&quot;video_type&quot;:&quot;hosted&quot;,&quot;autoplay&quot;:&quot;yes&quot;,&quot;play_on_mobile&quot;:&quot;yes&quot;,&quot;mute&quot;:&quot;yes&quot;,&quot;loop&quot;:&quot;yes&quot;}\" data-widget_type=\"video.default\">\n\t\t\t\t<div class=\"elementor-widget-container\">\n\t\t\t\t\t\t\t<div class=\"e-hosted-video elementor-wrapper elementor-open-inline\">\n\t\t\t\t\t<video class=\"elementor-video\" src=\"http:\/\/chefsaayaan.com\/wp-content\/uploads\/2025\/05\/ScreenRecording_05-11-2025-11-57-25_1.mov\" autoplay=\"\" loop=\"\" muted=\"muted\" playsinline=\"\" controlsList=\"nodownload\"><\/video>\n\t\t\t\t<\/div>\n\t\t\t\t\t\t<\/div>\n\t\t\t\t<\/div>\n\t\t\t\t\t<\/div>\n\t\t\t\t<\/div>\n\t\t<div class=\"elementor-element elementor-element-531ad432 e-flex e-con-boxed e-con e-parent\" data-id=\"531ad432\" data-element_type=\"container\">\n\t\t\t\t\t<div class=\"e-con-inner\">\n\t\t<div class=\"elementor-element elementor-element-1d0c9762 e-con-full e-flex e-con e-child\" data-id=\"1d0c9762\" data-element_type=\"container\">\n\t\t\t\t<div class=\"elementor-element elementor-element-4acac256 elementor-widget elementor-widget-heading\" data-id=\"4acac256\" data-element_type=\"widget\" data-widget_type=\"heading.default\">\n\t\t\t\t<div class=\"elementor-widget-container\">\n\t\t\t\t\t<h1 class=\"elementor-heading-title elementor-size-default\">REPAS UNIQUE<\/h1>\t\t\t\t<\/div>\n\t\t\t\t<\/div>\n\t\t\t\t<div class=\"elementor-element elementor-element-6013b75d elementor-widget elementor-widget-text-editor\" data-id=\"6013b75d\" data-element_type=\"widget\" data-widget_type=\"text-editor.default\">\n\t\t\t\t<div class=\"elementor-widget-container\">\n\t\t\t\t\t\t\t\t\t<p>Vivez un d\u00eener ou un d\u00e9jeuner en immersion totale avec le Chef Saayaan. Chez vous ou dans un lieu choisi, le chef installe sa cuisine \u00e0 vue, dresse \u00e0 la minute, et compose devant vos invit\u00e9s des assiettes vivantes, spontan\u00e9es, vibrantes.\u00a0Chaque plat na\u00eet sous vos yeux, dans l\u2019\u00e9nergie du moment. Une performance culinaire priv\u00e9e, o\u00f9 le rituel du repas devient un spectacle sensible et sur mesure.<\/p>\t\t\t\t\t\t\t\t<\/div>\n\t\t\t\t<\/div>\n\t\t\t\t<div class=\"elementor-element elementor-element-736d09e8 elementor-align-center elementor-widget elementor-widget-button\" data-id=\"736d09e8\" data-element_type=\"widget\" data-widget_type=\"button.default\">\n\t\t\t\t<div class=\"elementor-widget-container\">\n\t\t\t\t\t\t\t\t\t<div class=\"elementor-button-wrapper\">\n\t\t\t\t\t<a class=\"elementor-button elementor-button-link elementor-size-sm\" href=\"https:\/\/chefsaayaan.com\/index.php\/galerie\/\">\n\t\t\t\t\t\t<span class=\"elementor-button-content-wrapper\">\n\t\t\t\t\t\t\t\t\t<span class=\"elementor-button-text\">D\u00e9couvrir la galerie photos<\/span>\n\t\t\t\t\t<\/span>\n\t\t\t\t\t<\/a>\n\t\t\t\t<\/div>\n\t\t\t\t\t\t\t\t<\/div>\n\t\t\t\t<\/div>\n\t\t\t\t<\/div>\n\t\t<div class=\"elementor-element elementor-element-608a62fd e-con-full e-flex e-con e-child\" data-id=\"608a62fd\" data-element_type=\"container\" data-settings=\"{&quot;background_background&quot;:&quot;classic&quot;}\">\n\t\t\t\t<\/div>\n\t\t\t\t\t<\/div>\n\t\t\t\t<\/div>\n\t\t<div class=\"elementor-element elementor-element-6128da97 e-flex e-con-boxed e-con e-parent\" data-id=\"6128da97\" data-element_type=\"container\">\n\t\t\t\t\t<div class=\"e-con-inner\">\n\t\t<div class=\"elementor-element elementor-element-62c0f9da e-con-full e-flex e-con e-child\" data-id=\"62c0f9da\" data-element_type=\"container\">\n\t\t\t\t<div class=\"elementor-element elementor-element-68d1a41b elementor-widget elementor-widget-heading\" data-id=\"68d1a41b\" data-element_type=\"widget\" data-widget_type=\"heading.default\">\n\t\t\t\t<div class=\"elementor-widget-container\">\n\t\t\t\t\t<h1 class=\"elementor-heading-title elementor-size-default\">CHEF EN RESIDENCE<\/h1>\t\t\t\t<\/div>\n\t\t\t\t<\/div>\n\t\t\t\t<div class=\"elementor-element elementor-element-2e9c95ed elementor-widget elementor-widget-text-editor\" data-id=\"2e9c95ed\" data-element_type=\"widget\" data-widget_type=\"text-editor.default\">\n\t\t\t\t<div class=\"elementor-widget-container\">\n\t\t\t\t\t\t\t\t\t<p>Offrez-vous l\u2019accompagnement d\u2019un chef priv\u00e9 pendant toute une semaine. Petit d\u00e9jeuner pr\u00e9par\u00e9 au lever, d\u00e9jeuner en famille, d\u00eener raffin\u00e9 en fin de journ\u00e9e \u2014 le Chef Saayaan s\u2019adapte \u00e0 vos envies, vos rythmes et vos produits. Le r\u00e9frig\u00e9rateur devient un terrain de jeu, la cuisine une sc\u00e8ne d\u2019expression quotidienne. Une parenth\u00e8se culinaire compl\u00e8te, dans l\u2019intimit\u00e9 d\u2019un lieu de vie.<\/p>\t\t\t\t\t\t\t\t<\/div>\n\t\t\t\t<\/div>\n\t\t\t\t<\/div>\n\t\t<div class=\"elementor-element elementor-element-10b0da03 e-con-full e-flex e-con e-child\" data-id=\"10b0da03\" data-element_type=\"container\" data-settings=\"{&quot;background_background&quot;:&quot;classic&quot;}\">\n\t\t\t\t<\/div>\n\t\t\t\t\t<\/div>\n\t\t\t\t<\/div>\n\t\t<div class=\"elementor-element elementor-element-46dbd3f0 e-flex e-con-boxed e-con e-parent\" data-id=\"46dbd3f0\" data-element_type=\"container\">\n\t\t\t\t\t<div class=\"e-con-inner\">\n\t\t<div class=\"elementor-element elementor-element-3d0803c1 e-con-full e-flex e-con e-child\" data-id=\"3d0803c1\" data-element_type=\"container\">\n\t\t\t\t<div class=\"elementor-element elementor-element-6177d39d elementor-widget elementor-widget-heading\" data-id=\"6177d39d\" data-element_type=\"widget\" data-widget_type=\"heading.default\">\n\t\t\t\t<div class=\"elementor-widget-container\">\n\t\t\t\t\t<h1 class=\"elementor-heading-title elementor-size-default\">ILS LUI ONT FAIT CONFIANCE<\/h1>\t\t\t\t<\/div>\n\t\t\t\t<\/div>\n\t\t\t\t<div class=\"elementor-element elementor-element-7e481666 elementor-widget elementor-widget-text-editor\" data-id=\"7e481666\" data-element_type=\"widget\" data-widget_type=\"text-editor.default\">\n\t\t\t\t<div class=\"elementor-widget-container\">\n\t\t\t\t\t\t\t\t\t<p>De grandes entreprises et des personnalit\u00e9s d&rsquo;exception ont choisi le Chef Saayaan pour des exp\u00e9riences culinaires sur mesure.\u00a0La Maison de couture Chanel, ainsi que Leonardo DiCaprio, Tobey Maguire, Sergey Brin ou Ari Emanuel, ont tous partag\u00e9 des repas pens\u00e9s comme des performances sensibles et vivantes.<\/p><p>De nombreuses autres personnalit\u00e9s du milieu artistique parisien ont \u00e9galement eu l&rsquo;occasion de go\u00fbter les plats du Chef Saayaan dans les \u00e9tablissements qu&rsquo;il a suivis en consulting (Guillaume Canet, Ad\u00e8le Exarchopoulos, Fran\u00e7ois Civil etc.)<\/p><p>Entre luxe, discr\u00e9tion et cr\u00e9ativit\u00e9, sa cuisine s&rsquo;est invit\u00e9e dans les lieux exclusifs, pour des instants inoubliables.<\/p>\t\t\t\t\t\t\t\t<\/div>\n\t\t\t\t<\/div>\n\t\t\t\t<\/div>\n\t\t<div class=\"elementor-element elementor-element-7680e7e4 e-con-full e-flex e-con e-child\" data-id=\"7680e7e4\" data-element_type=\"container\" data-settings=\"{&quot;background_background&quot;:&quot;classic&quot;}\">\n\t\t\t\t<\/div>\n\t\t\t\t\t<\/div>\n\t\t\t\t<\/div>\n\t\t<div class=\"elementor-element elementor-element-5beb9ef e-flex e-con-boxed e-con e-parent\" data-id=\"5beb9ef\" data-element_type=\"container\">\n\t\t\t\t\t<div class=\"e-con-inner\">\n\t\t\t\t<div class=\"elementor-element elementor-element-f3243cf elementor-align-center elementor-widget elementor-widget-button\" data-id=\"f3243cf\" data-element_type=\"widget\" data-widget_type=\"button.default\">\n\t\t\t\t<div class=\"elementor-widget-container\">\n\t\t\t\t\t\t\t\t\t<div class=\"elementor-button-wrapper\">\n\t\t\t\t\t<a class=\"elementor-button elementor-button-link elementor-size-sm\" href=\"https:\/\/chefsaayaan.com\/index.php\/contact\/\">\n\t\t\t\t\t\t<span class=\"elementor-button-content-wrapper\">\n\t\t\t\t\t\t\t\t\t<span class=\"elementor-button-text\">Formulaire de contact<\/span>\n\t\t\t\t\t<\/span>\n\t\t\t\t\t<\/a>\n\t\t\t\t<\/div>\n\t\t\t\t\t\t\t\t<\/div>\n\t\t\t\t<\/div>\n\t\t\t\t\t<\/div>\n\t\t\t\t<\/div>\n\t\t\t\t<\/div>\n\t\t","protected":false},"excerpt":{"rendered":"<p>http:\/\/chefsaayaan.com\/wp-content\/uploads\/2025\/05\/ScreenRecording_05-11-2025-11-57-25_1.mov REPAS UNIQUE Vivez un d\u00eener ou un d\u00e9jeuner en immersion totale avec le Chef Saayaan. Chez vous ou dans [&hellip;]<\/p>\n","protected":false},"author":2,"featured_media":0,"parent":0,"menu_order":0,"comment_status":"closed","ping_status":"closed","template":"","meta":{"site-sidebar-layout":"no-sidebar","site-content-layout":"","ast-site-content-layout":"full-width-container","site-content-style":"default","site-sidebar-style":"default","ast-global-header-display":"","ast-banner-title-visibility":"","ast-main-header-display":"","ast-hfb-above-header-display":"","ast-hfb-below-header-display":"","ast-hfb-mobile-header-display":"","site-post-title":"disabled","ast-breadcrumbs-content":"","ast-featured-img":"disabled","footer-sml-layout":"","theme-transparent-header-meta":"","adv-header-id-meta":"","stick-header-meta":"","header-above-stick-meta":"","header-main-stick-meta":"","header-below-stick-meta":"","astra-migrate-meta-layouts":"default","ast-page-background-enabled":"default","ast-page-background-meta":{"desktop":{"background-color":"var(--ast-global-color-5)","background-image":"","background-repeat":"repeat","background-position":"center center","background-size":"auto","background-attachment":"scroll","background-type":"","background-media":"","overlay-type":"","overlay-color":"","overlay-opacity":"","overlay-gradient":""},"tablet":{"background-color":"","background-image":"","background-repeat":"repeat","background-position":"center center","background-size":"auto","background-attachment":"scroll","background-type":"","background-media":"","overlay-type":"","overlay-color":"","overlay-opacity":"","overlay-gradient":""},"mobile":{"background-color":"","background-image":"","background-repeat":"repeat","background-position":"center center","background-size":"auto","background-attachment":"scroll","background-type":"","background-media":"","overlay-type":"","overlay-color":"","overlay-opacity":"","overlay-gradient":""}},"ast-content-background-meta":{"desktop":{"background-color":"var(--ast-global-color-4)","background-image":"","background-repeat":"repeat","background-position":"center center","background-size":"auto","background-attachment":"scroll","background-type":"","background-media":"","overlay-type":"","overlay-color":"","overlay-opacity":"","overlay-gradient":""},"tablet":{"background-color":"var(--ast-global-color-4)","background-image":"","background-repeat":"repeat","background-position":"center center","background-size":"auto","background-attachment":"scroll","background-type":"","background-media":"","overlay-type":"","overlay-color":"","overlay-opacity":"","overlay-gradient":""},"mobile":{"background-color":"var(--ast-global-color-4)","background-image":"","background-repeat":"repeat","background-position":"center center","background-size":"auto","background-attachment":"scroll","background-type":"","background-media":"","overlay-type":"","overlay-color":"","overlay-opacity":"","overlay-gradient":""}},"footnotes":""},"class_list":["post-825","page","type-page","status-publish","hentry"],"_links":{"self":[{"href":"https:\/\/chefsaayaan.com\/index.php\/wp-json\/wp\/v2\/pages\/825","targetHints":{"allow":["GET"]}}],"collection":[{"href":"https:\/\/chefsaayaan.com\/index.php\/wp-json\/wp\/v2\/pages"}],"about":[{"href":"https:\/\/chefsaayaan.com\/index.php\/wp-json\/wp\/v2\/types\/page"}],"author":[{"embeddable":true,"href":"https:\/\/chefsaayaan.com\/index.php\/wp-json\/wp\/v2\/users\/2"}],"replies":[{"embeddable":true,"href":"https:\/\/chefsaayaan.com\/index.php\/wp-json\/wp\/v2\/comments?post=825"}],"version-history":[{"count":10,"href":"https:\/\/chefsaayaan.com\/index.php\/wp-json\/wp\/v2\/pages\/825\/revisions"}],"predecessor-version":[{"id":1020,"href":"https:\/\/chefsaayaan.com\/index.php\/wp-json\/wp\/v2\/pages\/825\/revisions\/1020"}],"wp:attachment":[{"href":"https:\/\/chefsaayaan.com\/index.php\/wp-json\/wp\/v2\/media?parent=825"}],"curies":[{"name":"wp","href":"https:\/\/api.w.org\/{rel}","templated":true}]}}