{"id":835,"date":"2025-05-11T13:44:17","date_gmt":"2025-05-11T11:44:17","guid":{"rendered":"https:\/\/chefsaayaan.com\/?page_id=835"},"modified":"2025-05-11T15:58:44","modified_gmt":"2025-05-11T13:58:44","slug":"mas-des-orangers","status":"publish","type":"page","link":"https:\/\/chefsaayaan.com\/index.php\/mas-des-orangers\/","title":{"rendered":"L&rsquo;Exp\u00e9rience \u00ab\u00a0Mas des Orangers\u00a0\u00bb par Saayaan"},"content":{"rendered":"\t\t<div data-elementor-type=\"wp-page\" data-elementor-id=\"835\" class=\"elementor elementor-835\">\n\t\t\t\t<div class=\"elementor-element elementor-element-8c3e3df e-flex e-con-boxed e-con e-parent\" data-id=\"8c3e3df\" data-element_type=\"container\">\n\t\t\t\t\t<div class=\"e-con-inner\">\n\t\t<div class=\"elementor-element elementor-element-a5ca20c e-con-full e-flex e-con e-child\" data-id=\"a5ca20c\" data-element_type=\"container\" data-settings=\"{&quot;background_background&quot;:&quot;classic&quot;}\">\n\t\t\t\t<\/div>\n\t\t\t\t\t<\/div>\n\t\t\t\t<\/div>\n\t\t<div class=\"elementor-element elementor-element-258464bb e-flex e-con-boxed e-con e-parent\" data-id=\"258464bb\" data-element_type=\"container\">\n\t\t\t\t\t<div class=\"e-con-inner\">\n\t\t<div class=\"elementor-element elementor-element-7b505bfa e-con-full e-flex e-con e-child\" data-id=\"7b505bfa\" data-element_type=\"container\">\n\t\t\t\t<div class=\"elementor-element elementor-element-8ea4394 elementor-widget elementor-widget-heading\" data-id=\"8ea4394\" data-element_type=\"widget\" data-widget_type=\"heading.default\">\n\t\t\t\t<div class=\"elementor-widget-container\">\n\t\t\t\t\t<h1 class=\"elementor-heading-title elementor-size-default\">L'HISTOIRE DU MAS<\/h1>\t\t\t\t<\/div>\n\t\t\t\t<\/div>\n\t\t\t\t<div class=\"elementor-element elementor-element-69d637e6 elementor-widget elementor-widget-text-editor\" data-id=\"69d637e6\" data-element_type=\"widget\" data-widget_type=\"text-editor.default\">\n\t\t\t\t<div class=\"elementor-widget-container\">\n\t\t\t\t\t\t\t\t\t<p>Le Mas des Orangers, nich\u00e9 dans les hauteurs de Biot, est un lieu \u00e0 part. Ancien repaire d\u2019artistes, berc\u00e9 par la lumi\u00e8re de la M\u00e9diterran\u00e9e, il a longtemps accueilli des tabl\u00e9es libres et cr\u00e9atives, en plein c\u0153ur d\u2019un jardin habit\u00e9. Aujourd\u2019hui, ce mas restaur\u00e9 retrouve sa vocation premi\u00e8re : rassembler autour du feu, de la cuisine vivante, des \u00e9changes sensibles. C\u2019est ici que le Chef Saayaan donne vie \u00e0 ses d\u00eeners en \u00ab\u00a0live cooking\u00a0\u00bb, en lien direct avec le lieu, la nature et les convives.<\/p>\t\t\t\t\t\t\t\t<\/div>\n\t\t\t\t<\/div>\n\t\t\t\t<div class=\"elementor-element elementor-element-3fe20ef8 elementor-align-center elementor-widget elementor-widget-button\" data-id=\"3fe20ef8\" data-element_type=\"widget\" data-widget_type=\"button.default\">\n\t\t\t\t<div class=\"elementor-widget-container\">\n\t\t\t\t\t\t\t\t\t<div class=\"elementor-button-wrapper\">\n\t\t\t\t\t<a class=\"elementor-button elementor-button-link elementor-size-sm\" href=\"https:\/\/lemasdesorangersbiot.com\">\n\t\t\t\t\t\t<span class=\"elementor-button-content-wrapper\">\n\t\t\t\t\t\t\t\t\t<span class=\"elementor-button-text\">D\u00e9couvrir le Mas plus en d\u00e9tails<\/span>\n\t\t\t\t\t<\/span>\n\t\t\t\t\t<\/a>\n\t\t\t\t<\/div>\n\t\t\t\t\t\t\t\t<\/div>\n\t\t\t\t<\/div>\n\t\t\t\t<\/div>\n\t\t<div class=\"elementor-element elementor-element-7755df74 e-con-full e-flex e-con e-child\" data-id=\"7755df74\" data-element_type=\"container\" data-settings=\"{&quot;background_background&quot;:&quot;classic&quot;}\">\n\t\t\t\t<\/div>\n\t\t\t\t\t<\/div>\n\t\t\t\t<\/div>\n\t\t<div class=\"elementor-element elementor-element-563319cd e-flex e-con-boxed e-con e-parent\" data-id=\"563319cd\" data-element_type=\"container\">\n\t\t\t\t\t<div class=\"e-con-inner\">\n\t\t<div class=\"elementor-element elementor-element-5e6121e1 e-con-full e-flex e-con e-child\" data-id=\"5e6121e1\" data-element_type=\"container\">\n\t\t\t\t<div class=\"elementor-element elementor-element-3ac4ef74 elementor-widget elementor-widget-heading\" data-id=\"3ac4ef74\" data-element_type=\"widget\" data-widget_type=\"heading.default\">\n\t\t\t\t<div class=\"elementor-widget-container\">\n\t\t\t\t\t<h1 class=\"elementor-heading-title elementor-size-default\">L'HEBERGEMENT<\/h1>\t\t\t\t<\/div>\n\t\t\t\t<\/div>\n\t\t\t\t<div class=\"elementor-element elementor-element-3c4a647 elementor-widget elementor-widget-text-editor\" data-id=\"3c4a647\" data-element_type=\"widget\" data-widget_type=\"text-editor.default\">\n\t\t\t\t<div class=\"elementor-widget-container\">\n\t\t\t\t\t\t\t\t\t<p>Dormir au Mas, c\u2019est prolonger l\u2019exp\u00e9rience. Dans l\u2019intimit\u00e9 d\u2019un lieu chaleureux, entre murs anciens et confort contemporain, les chambres offrent un havre de calme au c\u0153ur du jardin. Le matin, les volets s\u2019ouvrent sur les orangers, la lumi\u00e8re douce et le chant des cigales. Un petit d\u00e9jeuner soign\u00e9 et local vient clore l\u2019exp\u00e9rience avec justesse.<\/p><p>Le luxe ici, c\u2019est la s\u00e9r\u00e9nit\u00e9.<\/p>\t\t\t\t\t\t\t\t<\/div>\n\t\t\t\t<\/div>\n\t\t\t\t<div class=\"elementor-element elementor-element-29edb1d7 elementor-align-center elementor-widget elementor-widget-button\" data-id=\"29edb1d7\" data-element_type=\"widget\" data-widget_type=\"button.default\">\n\t\t\t\t<div class=\"elementor-widget-container\">\n\t\t\t\t\t\t\t\t\t<div class=\"elementor-button-wrapper\">\n\t\t\t\t\t<a class=\"elementor-button elementor-button-link elementor-size-sm\" href=\"https:\/\/lemasdesorangersbiot.com\/index.php\/la-galerie\/\">\n\t\t\t\t\t\t<span class=\"elementor-button-content-wrapper\">\n\t\t\t\t\t\t\t\t\t<span class=\"elementor-button-text\">Visiter le Mas<\/span>\n\t\t\t\t\t<\/span>\n\t\t\t\t\t<\/a>\n\t\t\t\t<\/div>\n\t\t\t\t\t\t\t\t<\/div>\n\t\t\t\t<\/div>\n\t\t\t\t<\/div>\n\t\t<div class=\"elementor-element elementor-element-4f280435 e-con-full e-flex e-con e-child\" data-id=\"4f280435\" data-element_type=\"container\" data-settings=\"{&quot;background_background&quot;:&quot;classic&quot;}\">\n\t\t\t\t<\/div>\n\t\t\t\t\t<\/div>\n\t\t\t\t<\/div>\n\t\t<div class=\"elementor-element elementor-element-8905de0 e-flex e-con-boxed e-con e-parent\" data-id=\"8905de0\" data-element_type=\"container\">\n\t\t\t\t\t<div class=\"e-con-inner\">\n\t\t<div class=\"elementor-element elementor-element-5c35fd0d e-con-full e-flex e-con e-child\" data-id=\"5c35fd0d\" data-element_type=\"container\">\n\t\t\t\t<div class=\"elementor-element elementor-element-3876edf1 elementor-widget elementor-widget-heading\" data-id=\"3876edf1\" data-element_type=\"widget\" data-widget_type=\"heading.default\">\n\t\t\t\t<div class=\"elementor-widget-container\">\n\t\t\t\t\t<h1 class=\"elementor-heading-title elementor-size-default\">MUSIQUE LIVE & SPECTACLES<\/h1>\t\t\t\t<\/div>\n\t\t\t\t<\/div>\n\t\t\t\t<div class=\"elementor-element elementor-element-777521e2 elementor-widget elementor-widget-text-editor\" data-id=\"777521e2\" data-element_type=\"widget\" data-widget_type=\"text-editor.default\">\n\t\t\t\t<div class=\"elementor-widget-container\">\n\t\t\t\t\t\t\t\t\t<p>Pour ceux qui souhaitent aller plus loin, l\u2019exp\u00e9rience peut s\u2019enrichir d\u2019un concert acoustique dans le jardin ou d\u2019une performance artistique inattendue \u2014 comme une d\u00e9monstration de natation synchronis\u00e9e dans la piscine du Mas, au cr\u00e9puscule. Chaque soir\u00e9e est unique, pens\u00e9e comme une composition : feu, cuisine, musique, mouvement.<\/p><p>L\u2019art de recevoir, revisit\u00e9.<\/p>\t\t\t\t\t\t\t\t<\/div>\n\t\t\t\t<\/div>\n\t\t\t\t<\/div>\n\t\t<div class=\"elementor-element elementor-element-678c2a02 e-con-full e-flex e-con e-child\" data-id=\"678c2a02\" data-element_type=\"container\" data-settings=\"{&quot;background_background&quot;:&quot;classic&quot;}\">\n\t\t\t\t<\/div>\n\t\t\t\t\t<\/div>\n\t\t\t\t<\/div>\n\t\t<div class=\"elementor-element elementor-element-7c2948bd e-flex e-con-boxed e-con e-parent\" data-id=\"7c2948bd\" data-element_type=\"container\">\n\t\t\t\t\t<div class=\"e-con-inner\">\n\t\t<div class=\"elementor-element elementor-element-7c20e1bf e-con-full e-flex e-con e-child\" data-id=\"7c20e1bf\" data-element_type=\"container\">\n\t\t\t\t<div class=\"elementor-element elementor-element-a2135a7 elementor-widget elementor-widget-heading\" data-id=\"a2135a7\" data-element_type=\"widget\" data-widget_type=\"heading.default\">\n\t\t\t\t<div class=\"elementor-widget-container\">\n\t\t\t\t\t<h1 class=\"elementor-heading-title elementor-size-default\">L'EXPERIENCE COMPLETE<\/h1>\t\t\t\t<\/div>\n\t\t\t\t<\/div>\n\t\t\t\t<div class=\"elementor-element elementor-element-2fd54dc elementor-widget elementor-widget-text-editor\" data-id=\"2fd54dc\" data-element_type=\"widget\" data-widget_type=\"text-editor.default\">\n\t\t\t\t<div class=\"elementor-widget-container\">\n\t\t\t\t\t\t\t\t\t<p>Vivez une parenth\u00e8se immersive : un d\u00eener en \u00ab\u00a0live cooking\u00a0\u00bb orchestr\u00e9 par le Chef Saayaan, une nuit sur place dans les chambres du Mas, et un petit d\u00e9jeuner maison servi le lendemain. Le lieu devient le v\u00f4tre, privatis\u00e9 le temps d\u2019une soir\u00e9e \u2014 pour c\u00e9l\u00e9brer, partager, vivre une exp\u00e9rience rare o\u00f9 tout est pens\u00e9 pour vous, du feu de la cuisine \u00e0 la douceur du r\u00e9veil.<\/p>\t\t\t\t\t\t\t\t<\/div>\n\t\t\t\t<\/div>\n\t\t\t\t<div class=\"elementor-element elementor-element-cac35ea elementor-align-center elementor-widget elementor-widget-button\" data-id=\"cac35ea\" data-element_type=\"widget\" data-widget_type=\"button.default\">\n\t\t\t\t<div class=\"elementor-widget-container\">\n\t\t\t\t\t\t\t\t\t<div class=\"elementor-button-wrapper\">\n\t\t\t\t\t<a class=\"elementor-button elementor-button-link elementor-size-sm\" href=\"https:\/\/chefsaayaan.com\/index.php\/contact\/\">\n\t\t\t\t\t\t<span class=\"elementor-button-content-wrapper\">\n\t\t\t\t\t\t\t\t\t<span class=\"elementor-button-text\">Faire une demande<\/span>\n\t\t\t\t\t<\/span>\n\t\t\t\t\t<\/a>\n\t\t\t\t<\/div>\n\t\t\t\t\t\t\t\t<\/div>\n\t\t\t\t<\/div>\n\t\t\t\t<\/div>\n\t\t<div class=\"elementor-element elementor-element-33b6e2cc e-con-full e-flex e-con e-child\" data-id=\"33b6e2cc\" data-element_type=\"container\" data-settings=\"{&quot;background_background&quot;:&quot;classic&quot;}\">\n\t\t\t\t<\/div>\n\t\t\t\t\t<\/div>\n\t\t\t\t<\/div>\n\t\t\t\t<\/div>\n\t\t","protected":false},"excerpt":{"rendered":"<p>L&rsquo;HISTOIRE DU MAS Le Mas des Orangers, nich\u00e9 dans les hauteurs de Biot, est un lieu \u00e0 part. Ancien repaire [&hellip;]<\/p>\n","protected":false},"author":2,"featured_media":0,"parent":0,"menu_order":0,"comment_status":"closed","ping_status":"closed","template":"","meta":{"site-sidebar-layout":"no-sidebar","site-content-layout":"","ast-site-content-layout":"full-width-container","site-content-style":"default","site-sidebar-style":"default","ast-global-header-display":"","ast-banner-title-visibility":"","ast-main-header-display":"","ast-hfb-above-header-display":"","ast-hfb-below-header-display":"","ast-hfb-mobile-header-display":"","site-post-title":"disabled","ast-breadcrumbs-content":"","ast-featured-img":"disabled","footer-sml-layout":"","theme-transparent-header-meta":"","adv-header-id-meta":"","stick-header-meta":"","header-above-stick-meta":"","header-main-stick-meta":"","header-below-stick-meta":"","astra-migrate-meta-layouts":"default","ast-page-background-enabled":"default","ast-page-background-meta":{"desktop":{"background-color":"var(--ast-global-color-5)","background-image":"","background-repeat":"repeat","background-position":"center center","background-size":"auto","background-attachment":"scroll","background-type":"","background-media":"","overlay-type":"","overlay-color":"","overlay-opacity":"","overlay-gradient":""},"tablet":{"background-color":"","background-image":"","background-repeat":"repeat","background-position":"center center","background-size":"auto","background-attachment":"scroll","background-type":"","background-media":"","overlay-type":"","overlay-color":"","overlay-opacity":"","overlay-gradient":""},"mobile":{"background-color":"","background-image":"","background-repeat":"repeat","background-position":"center center","background-size":"auto","background-attachment":"scroll","background-type":"","background-media":"","overlay-type":"","overlay-color":"","overlay-opacity":"","overlay-gradient":""}},"ast-content-background-meta":{"desktop":{"background-color":"var(--ast-global-color-4)","background-image":"","background-repeat":"repeat","background-position":"center center","background-size":"auto","background-attachment":"scroll","background-type":"","background-media":"","overlay-type":"","overlay-color":"","overlay-opacity":"","overlay-gradient":""},"tablet":{"background-color":"var(--ast-global-color-4)","background-image":"","background-repeat":"repeat","background-position":"center center","background-size":"auto","background-attachment":"scroll","background-type":"","background-media":"","overlay-type":"","overlay-color":"","overlay-opacity":"","overlay-gradient":""},"mobile":{"background-color":"var(--ast-global-color-4)","background-image":"","background-repeat":"repeat","background-position":"center center","background-size":"auto","background-attachment":"scroll","background-type":"","background-media":"","overlay-type":"","overlay-color":"","overlay-opacity":"","overlay-gradient":""}},"footnotes":""},"class_list":["post-835","page","type-page","status-publish","hentry"],"_links":{"self":[{"href":"https:\/\/chefsaayaan.com\/index.php\/wp-json\/wp\/v2\/pages\/835","targetHints":{"allow":["GET"]}}],"collection":[{"href":"https:\/\/chefsaayaan.com\/index.php\/wp-json\/wp\/v2\/pages"}],"about":[{"href":"https:\/\/chefsaayaan.com\/index.php\/wp-json\/wp\/v2\/types\/page"}],"author":[{"embeddable":true,"href":"https:\/\/chefsaayaan.com\/index.php\/wp-json\/wp\/v2\/users\/2"}],"replies":[{"embeddable":true,"href":"https:\/\/chefsaayaan.com\/index.php\/wp-json\/wp\/v2\/comments?post=835"}],"version-history":[{"count":36,"href":"https:\/\/chefsaayaan.com\/index.php\/wp-json\/wp\/v2\/pages\/835\/revisions"}],"predecessor-version":[{"id":937,"href":"https:\/\/chefsaayaan.com\/index.php\/wp-json\/wp\/v2\/pages\/835\/revisions\/937"}],"wp:attachment":[{"href":"https:\/\/chefsaayaan.com\/index.php\/wp-json\/wp\/v2\/media?parent=835"}],"curies":[{"name":"wp","href":"https:\/\/api.w.org\/{rel}","templated":true}]}}